{"id":15,"date":"2023-08-24T13:50:43","date_gmt":"2023-08-24T11:50:43","guid":{"rendered":"https:\/\/charmreveal.igrid.media\/?page_id=15"},"modified":"2023-08-24T16:24:45","modified_gmt":"2023-08-24T14:24:45","slug":"accueil","status":"publish","type":"page","link":"https:\/\/charmreveal.igrid.media\/","title":{"rendered":"Accueil"},"content":{"rendered":"\n<div class=\"wp-block-group alignfull is-layout-constrained wp-block-group-is-layout-constrained\"><div class=\"wp-block-group__inner-container\">\n<div class=\"wp-block-cover alignfull is-light\" style=\"padding-top:var(--wp--preset--spacing--30);padding-right:var(--wp--preset--spacing--30);padding-bottom:var(--wp--preset--spacing--30);padding-left:var(--wp--preset--spacing--30);min-height:50px\"><span aria-hidden=\"true\" class=\"wp-block-cover__background has-black-background-color has-background-dim\"><\/span><img decoding=\"async\" loading=\"lazy\" width=\"1366\" height=\"2048\" class=\"wp-block-cover__image-background wp-image-38\" alt=\"\" src=\"https:\/\/charmreveal.igrid.media\/wp-content\/uploads\/2023\/08\/BB-Pointy-Toe-Pump-curated-on-LTK-1.jpeg\" data-object-fit=\"cover\" srcset=\"https:\/\/charmreveal.igrid.media\/wp-content\/uploads\/2023\/08\/BB-Pointy-Toe-Pump-curated-on-LTK-1.jpeg 1366w, https:\/\/charmreveal.igrid.media\/wp-content\/uploads\/2023\/08\/BB-Pointy-Toe-Pump-curated-on-LTK-1-200x300.jpeg 200w, https:\/\/charmreveal.igrid.media\/wp-content\/uploads\/2023\/08\/BB-Pointy-Toe-Pump-curated-on-LTK-1-683x1024.jpeg 683w, https:\/\/charmreveal.igrid.media\/wp-content\/uploads\/2023\/08\/BB-Pointy-Toe-Pump-curated-on-LTK-1-768x1151.jpeg 768w, https:\/\/charmreveal.igrid.media\/wp-content\/uploads\/2023\/08\/BB-Pointy-Toe-Pump-curated-on-LTK-1-1025x1536.jpeg 1025w\" sizes=\"(max-width: 1366px) 100vw, 1366px\" \/><div class=\"wp-block-cover__inner-container is-layout-flow wp-block-cover-is-layout-flow\">\n<div class=\"wp-block-group alignwide has-base-color has-text-color has-link-color wp-elements-d679045f4ce6cfcb2eda127b7f7c4e3a is-content-justification-space-between is-layout-flex wp-container-2 wp-block-group-is-layout-flex\" style=\"margin-top:0;margin-bottom:0\">\n<div class=\"wp-block-group is-layout-flex wp-block-group-is-layout-flex\"><div class=\"is-default-size is-style-default wp-block-site-logo\"><a href=\"https:\/\/charmreveal.igrid.media\/\" class=\"custom-logo-link\" rel=\"home\"><img width=\"3018\" height=\"3018\" src=\"https:\/\/charmreveal.igrid.media\/wp-content\/uploads\/2023\/08\/cropped-Logo@3x-8.png\" class=\"custom-logo\" alt=\"R\u00e9v\u00e9lerVotreStyle\" decoding=\"async\" fetchpriority=\"high\" srcset=\"https:\/\/charmreveal.igrid.media\/wp-content\/uploads\/2023\/08\/cropped-Logo@3x-8.png 3018w, https:\/\/charmreveal.igrid.media\/wp-content\/uploads\/2023\/08\/cropped-Logo@3x-8-300x300.png 300w, https:\/\/charmreveal.igrid.media\/wp-content\/uploads\/2023\/08\/cropped-Logo@3x-8-1024x1024.png 1024w, https:\/\/charmreveal.igrid.media\/wp-content\/uploads\/2023\/08\/cropped-Logo@3x-8-150x150.png 150w, https:\/\/charmreveal.igrid.media\/wp-content\/uploads\/2023\/08\/cropped-Logo@3x-8-768x768.png 768w, https:\/\/charmreveal.igrid.media\/wp-content\/uploads\/2023\/08\/cropped-Logo@3x-8-1536x1536.png 1536w, https:\/\/charmreveal.igrid.media\/wp-content\/uploads\/2023\/08\/cropped-Logo@3x-8-2048x2048.png 2048w\" sizes=\"(max-width: 3018px) 100vw, 3018px\" \/><\/a><\/div>\n\n<h1 class=\"has-link-color has-text-color has-white-color wp-block-site-title has-medium-font-size wp-elements-e24c80986e13ab3d929b38d6b46e3019\"><a href=\"https:\/\/charmreveal.igrid.media\" target=\"_self\" rel=\"home\">R\u00e9v\u00e9lerVotreStyle<\/a><\/h1><\/div>\n<\/div>\n\n\n\n<div style=\"height:416px\" aria-hidden=\"true\" class=\"wp-block-spacer\"><\/div>\n\n\n\n<p class=\"has-text-align-center\"><mark style=\"background-color:rgba(0, 0, 0, 0)\" class=\"has-inline-color has-white-color\"><strong>&#8220;R\u00e9v\u00e9lez-vous avec Style : Harmonie Morphologique et Confiance Vestimentaire Red\u00e9finies.&#8221;<\/strong><\/mark><\/p>\n<\/div><\/div>\n<\/div><\/div>\n\n\n\n<hr class=\"wp-block-separator has-css-opacity is-style-default\"\/>\n\n\n\n<div class=\"wp-block-media-text alignfull is-stacked-on-mobile is-vertically-aligned-center is-style-default\" style=\"grid-template-columns:56% auto\"><figure class=\"wp-block-media-text__media\"><img decoding=\"async\" loading=\"lazy\" width=\"683\" height=\"1024\" src=\"https:\/\/charmreveal.igrid.media\/wp-content\/uploads\/2023\/08\/medium-shot-woman-with-yellow-sunglasses-683x1024.jpg\" alt=\"\" class=\"wp-image-41 size-full\" srcset=\"https:\/\/charmreveal.igrid.media\/wp-content\/uploads\/2023\/08\/medium-shot-woman-with-yellow-sunglasses-683x1024.jpg 683w, https:\/\/charmreveal.igrid.media\/wp-content\/uploads\/2023\/08\/medium-shot-woman-with-yellow-sunglasses-200x300.jpg 200w, https:\/\/charmreveal.igrid.media\/wp-content\/uploads\/2023\/08\/medium-shot-woman-with-yellow-sunglasses-768x1152.jpg 768w, https:\/\/charmreveal.igrid.media\/wp-content\/uploads\/2023\/08\/medium-shot-woman-with-yellow-sunglasses-1024x1536.jpg 1024w, https:\/\/charmreveal.igrid.media\/wp-content\/uploads\/2023\/08\/medium-shot-woman-with-yellow-sunglasses-1365x2048.jpg 1365w, https:\/\/charmreveal.igrid.media\/wp-content\/uploads\/2023\/08\/medium-shot-woman-with-yellow-sunglasses-scaled.jpg 1707w\" sizes=\"(max-width: 683px) 100vw, 683px\" \/><\/figure><div class=\"wp-block-media-text__content\">\n<h2 class=\"wp-block-heading has-text-align-left\" style=\"font-size:3rem\">\u00ab <strong>La mode n&#8217;est pas seulement dans les v\u00eatements que vous portez, mais dans la fa\u00e7on dont vous vous exprimez \u00e0 travers eux, r\u00e9v\u00e9lant la beaut\u00e9 unique qui vous habite<\/strong>. \u00bb<\/h2>\n\n\n\n<p class=\"has-text-color\" style=\"color:#636363;font-size:17px;line-height:1.1\">Sandra Epiphanie KPANOU,CHABI<\/p>\n<\/div><\/div>\n\n\n\n<div class=\"wp-block-query is-layout-flow wp-block-query-is-layout-flow\"><ul class=\"alignfull wp-block-post-template is-layout-flow wp-block-post-template-is-layout-flow\"><li class=\"wp-block-post post-50 post type-post status-publish format-standard has-post-thumbnail hentry category-blog\">\n\n<div class=\"wp-block-columns alignwide is-layout-flex wp-container-7 wp-block-columns-is-layout-flex\">\n<div class=\"wp-block-column is-layout-flow wp-block-column-is-layout-flow\" style=\"flex-basis:66.66%\"><figure class=\"wp-block-post-featured-image\"><a href=\"https:\/\/charmreveal.igrid.media\/index.php\/2023\/08\/24\/50\/\" target=\"_self\"  ><img loading=\"lazy\" width=\"2560\" height=\"1707\" src=\"https:\/\/charmreveal.igrid.media\/wp-content\/uploads\/2023\/08\/colorful-eyeshadows-scaled.jpg\" class=\"attachment-post-thumbnail size-post-thumbnail wp-post-image\" alt=\"Untitled post 50\" decoding=\"async\" style=\"object-fit:cover;\" srcset=\"https:\/\/charmreveal.igrid.media\/wp-content\/uploads\/2023\/08\/colorful-eyeshadows-scaled.jpg 2560w, https:\/\/charmreveal.igrid.media\/wp-content\/uploads\/2023\/08\/colorful-eyeshadows-300x200.jpg 300w, https:\/\/charmreveal.igrid.media\/wp-content\/uploads\/2023\/08\/colorful-eyeshadows-1024x683.jpg 1024w, https:\/\/charmreveal.igrid.media\/wp-content\/uploads\/2023\/08\/colorful-eyeshadows-768x512.jpg 768w, https:\/\/charmreveal.igrid.media\/wp-content\/uploads\/2023\/08\/colorful-eyeshadows-1536x1024.jpg 1536w, https:\/\/charmreveal.igrid.media\/wp-content\/uploads\/2023\/08\/colorful-eyeshadows-2048x1365.jpg 2048w\" sizes=\"(max-width: 2560px) 100vw, 2560px\" \/><\/a><\/figure><\/div>\n\n\n\n<div class=\"wp-block-column is-layout-flow wp-block-column-is-layout-flow\" style=\"flex-basis:33.33%\">\n\n<div class=\"wp-block-post-excerpt\"><p class=\"wp-block-post-excerpt__excerpt\">LES COULEURS QUI SUBLIMENT VOTRE&nbsp;TEINT &nbsp;La gamme des diff\u00e9rentes nuances de couleurs pour les fonds de teint semble presque infinie. Il peut rapidement devenir difficile de trouver la bonne couleur de fond de teint qui semble naturelle et qui convient \u00e0 votre propre type de peau. Afin de trouver la bonne nuance de couleur, le&hellip; <\/p><\/div><\/div>\n<\/div>\n\n<\/li><li class=\"wp-block-post post-1 post type-post status-publish format-standard hentry category-blog\">\n\n<div class=\"wp-block-columns alignwide is-layout-flex wp-container-10 wp-block-columns-is-layout-flex\">\n<div class=\"wp-block-column is-layout-flow wp-block-column-is-layout-flow\" style=\"flex-basis:66.66%\"><\/div>\n\n\n\n<div class=\"wp-block-column is-layout-flow wp-block-column-is-layout-flow\" style=\"flex-basis:33.33%\"><h2 class=\"wp-block-post-title\"><a href=\"https:\/\/charmreveal.igrid.media\/index.php\/2023\/08\/23\/bonjour-tout-le-monde\/\" target=\"_self\" >Bonjour tout le monde\u00a0!<\/a><\/h2>\n\n<div class=\"wp-block-post-excerpt\"><p class=\"wp-block-post-excerpt__excerpt\">Bienvenue sur WordPress. Ceci est votre premier article. Modifiez-le ou supprimez-le, puis commencez \u00e0 \u00e9crire\u00a0! <\/p><\/div><\/div>\n<\/div>\n\n<\/li><\/ul><\/div>\n\n\n<div class=\"wp-block-image is-style-rounded\">\n<figure class=\"aligncenter size-full is-resized\"><img decoding=\"async\" loading=\"lazy\" src=\"https:\/\/charmreveal.igrid.media\/wp-content\/uploads\/2023\/08\/Aurelle.jpg\" alt=\"\" class=\"wp-image-26\" style=\"width:150px;height:150px\" width=\"150\" height=\"150\"\/><\/figure><\/div>\n\n\n<blockquote class=\"wp-block-quote has-text-align-center is-style-large\">\n<p>\u00ab&nbsp;Le blog de Sandy Fashion a \u00e9t\u00e9 une r\u00e9v\u00e9lation pour moi. Gr\u00e2ce \u00e0 leurs conseils, j\u2019ai appris \u00e0 harmoniser mes tenues avec ma morphologie et \u00e0 choisir les coupes qui me mettent en valeur. Je me sens plus confiante que jamais dans mes choix vestimentaires, et je sais que je suis vraiment unique dans chaque ensemble que je porte.&nbsp;\u00bb<\/p>\n<cite>\u2014 Aurelle, <em>Designer Graphique<\/em><\/cite><\/blockquote>\n\n\n\n<hr class=\"wp-block-separator has-css-opacity is-style-default\"\/>\n\n\n\n<div class=\"wp-block-group alignfull has-background-color has-white-color has-black-background-color has-text-color has-background has-link-color wp-elements-62c12e019abad807d6fc30ae186091e0 is-vertical is-content-justification-stretch is-layout-flex wp-container-21 wp-block-group-is-layout-flex\" style=\"min-height:40vh;margin-top:0;margin-bottom:0;padding-top:var(--wp--preset--spacing--60);padding-right:var(--wp--preset--spacing--40);padding-bottom:var(--wp--preset--spacing--60);padding-left:var(--wp--preset--spacing--40)\">\n<div class=\"wp-block-columns alignwide has-small-font-size is-layout-flex wp-container-19 wp-block-columns-is-layout-flex\">\n<div class=\"wp-block-column is-layout-flow wp-block-column-is-layout-flow\">\n<p class=\"has-text-align-center\">Adresse : B\u00e9nin, Cotonou<\/p>\n\n\n\n<div style=\"height:24px\" aria-hidden=\"true\" class=\"wp-block-spacer\"><\/div>\n<\/div>\n\n\n\n<div class=\"wp-block-column is-layout-flow wp-block-column-is-layout-flow\">\n<p class=\"has-text-align-center\">Pages<\/p>\n\n\n<nav class=\"has-small-font-size items-justified-center is-vertical no-wrap wp-block-navigation has-small-font-size is-content-justification-center is-nowrap is-layout-flex wp-container-15 wp-block-navigation-is-layout-flex\" aria-label=\"Navigation\"><ul class=\"has-small-font-size wp-block-page-list\"><li class=\"wp-block-pages-list__item wp-block-navigation-item open-on-hover-click\"><a class=\"wp-block-pages-list__item__link wp-block-navigation-item__content\" href=\"https:\/\/charmreveal.igrid.media\/index.php\/a-propos\/\">A propos<\/a><\/li><li class=\"wp-block-pages-list__item wp-block-navigation-item open-on-hover-click menu-item-home\"><a class=\"wp-block-pages-list__item__link wp-block-navigation-item__content\" href=\"https:\/\/charmreveal.igrid.media\/\">Accueil<\/a><\/li><li class=\"wp-block-pages-list__item wp-block-navigation-item open-on-hover-click\"><a class=\"wp-block-pages-list__item__link wp-block-navigation-item__content\" href=\"https:\/\/charmreveal.igrid.media\/index.php\/beaute\/\">Beaut\u00e9<\/a><\/li><li class=\"wp-block-pages-list__item wp-block-navigation-item open-on-hover-click\"><a class=\"wp-block-pages-list__item__link wp-block-navigation-item__content\" href=\"https:\/\/charmreveal.igrid.media\/index.php\/blog\/\">Blog<\/a><\/li><li class=\"wp-block-pages-list__item wp-block-navigation-item open-on-hover-click\"><a class=\"wp-block-pages-list__item__link wp-block-navigation-item__content\" href=\"https:\/\/charmreveal.igrid.media\/index.php\/contact\/\">Contact<\/a><\/li><li class=\"wp-block-pages-list__item wp-block-navigation-item open-on-hover-click\"><a class=\"wp-block-pages-list__item__link wp-block-navigation-item__content\" href=\"https:\/\/charmreveal.igrid.media\/index.php\/page-d-exemple\/\">Page d\u2019exemple<\/a><\/li><li class=\"wp-block-pages-list__item wp-block-navigation-item open-on-hover-click\"><a class=\"wp-block-pages-list__item__link wp-block-navigation-item__content\" href=\"https:\/\/charmreveal.igrid.media\/index.php\/sandy-fashion\/\">Sandy Fashion<\/a><\/li><\/ul><\/nav>\n\n\n<div style=\"height:24px\" aria-hidden=\"true\" class=\"wp-block-spacer\"><\/div>\n<\/div>\n\n\n\n<div class=\"wp-block-column is-layout-flow wp-block-column-is-layout-flow\">\n<p class=\"has-text-align-center\">Follow us<\/p>\n\n\n\n<div class=\"wp-block-group is-vertical is-content-justification-center is-layout-flex wp-container-17 wp-block-group-is-layout-flex\">\n<p><a href=\"#\">Facebook<\/a><\/p>\n\n\n\n<p><a href=\"#\">Instagram<\/a><\/p>\n\n\n\n<p><a href=\"#\">Twitter<\/a><\/p>\n<\/div>\n\n\n\n<div style=\"height:24px\" aria-hidden=\"true\" class=\"wp-block-spacer\"><\/div>\n<\/div>\n<\/div>\n\n\n\n<div class=\"wp-block-group alignwide is-content-justification-center is-layout-flex wp-container-20 wp-block-group-is-layout-flex\">\n<p class=\"has-text-align-center has-small-font-size\"> Proudly powered by <a rel=\"nofollow\" href=\"https:\/\/wordpress.org\">WordPress<\/a> <\/p>\n<\/div>\n<\/div>\n","protected":false},"excerpt":{"rendered":"<p>\u00ab La mode n&#8217;est pas seulement dans les v\u00eatements que vous portez, mais dans la fa\u00e7on dont vous vous exprimez \u00e0 travers eux, r\u00e9v\u00e9lant la beaut\u00e9 unique qui vous habite. \u00bb Sandra Epiphanie KPANOU,CHABI \u00ab&nbsp;Le blog de Sandy Fashion a \u00e9t\u00e9 une r\u00e9v\u00e9lation pour moi. Gr\u00e2ce \u00e0 leurs conseils, j\u2019ai appris \u00e0 harmoniser mes tenues [&hellip;]<\/p>\n","protected":false},"author":2,"featured_media":0,"parent":0,"menu_order":0,"comment_status":"closed","ping_status":"closed","template":"","meta":{"footnotes":""},"_links":{"self":[{"href":"https:\/\/charmreveal.igrid.media\/index.php\/wp-json\/wp\/v2\/pages\/15"}],"collection":[{"href":"https:\/\/charmreveal.igrid.media\/index.php\/wp-json\/wp\/v2\/pages"}],"about":[{"href":"https:\/\/charmreveal.igrid.media\/index.php\/wp-json\/wp\/v2\/types\/page"}],"author":[{"embeddable":true,"href":"https:\/\/charmreveal.igrid.media\/index.php\/wp-json\/wp\/v2\/users\/2"}],"replies":[{"embeddable":true,"href":"https:\/\/charmreveal.igrid.media\/index.php\/wp-json\/wp\/v2\/comments?post=15"}],"version-history":[{"count":5,"href":"https:\/\/charmreveal.igrid.media\/index.php\/wp-json\/wp\/v2\/pages\/15\/revisions"}],"predecessor-version":[{"id":83,"href":"https:\/\/charmreveal.igrid.media\/index.php\/wp-json\/wp\/v2\/pages\/15\/revisions\/83"}],"wp:attachment":[{"href":"https:\/\/charmreveal.igrid.media\/index.php\/wp-json\/wp\/v2\/media?parent=15"}],"curies":[{"name":"wp","href":"https:\/\/api.w.org\/{rel}","templated":true}]}}