{"id":57,"date":"2023-08-24T15:52:44","date_gmt":"2023-08-24T13:52:44","guid":{"rendered":"https:\/\/charmreveal.igrid.media\/?page_id=57"},"modified":"2023-08-24T15:52:44","modified_gmt":"2023-08-24T13:52:44","slug":"a-propos","status":"publish","type":"page","link":"https:\/\/charmreveal.igrid.media\/index.php\/a-propos\/","title":{"rendered":"A propos"},"content":{"rendered":"\n<p>LA JEUNE AMOUREUSE DU BUSINESS<\/p>\n\n\n<figure class=\"alignfull wp-block-post-featured-image\"><img loading=\"lazy\" width=\"1843\" height=\"2560\" src=\"https:\/\/charmreveal.igrid.media\/wp-content\/uploads\/2023\/08\/DSC_6862-copie-1-scaled.jpg\" class=\"attachment-post-thumbnail size-post-thumbnail wp-post-image\" alt=\"\" decoding=\"async\" style=\"object-fit:cover;\" srcset=\"https:\/\/charmreveal.igrid.media\/wp-content\/uploads\/2023\/08\/DSC_6862-copie-1-scaled.jpg 1843w, https:\/\/charmreveal.igrid.media\/wp-content\/uploads\/2023\/08\/DSC_6862-copie-1-216x300.jpg 216w, https:\/\/charmreveal.igrid.media\/wp-content\/uploads\/2023\/08\/DSC_6862-copie-1-737x1024.jpg 737w, https:\/\/charmreveal.igrid.media\/wp-content\/uploads\/2023\/08\/DSC_6862-copie-1-768x1067.jpg 768w, https:\/\/charmreveal.igrid.media\/wp-content\/uploads\/2023\/08\/DSC_6862-copie-1-1106x1536.jpg 1106w, https:\/\/charmreveal.igrid.media\/wp-content\/uploads\/2023\/08\/DSC_6862-copie-1-1475x2048.jpg 1475w\" sizes=\"(max-width: 1843px) 100vw, 1843px\" \/><\/figure>\n\n\n<p>Dans le tourbillon de la vie, j\u2019ai trouv\u00e9 ma boussole :<\/p>\n\n\n\n<p>je suis Sandra Epiphanie KPANOU, une entrepreneuse passionn\u00e9e et une apprenante infatigable. Ma qu\u00eate de succ\u00e8s a pris racine dans le marketing traditionnel, o\u00f9 j\u2019ai insuffl\u00e9 vie aux produits MADE IN BENIN, tout en forgant des strat\u00e9gies de marque. Mon amour pour l\u2019entrepreneuriat m\u2019a guid\u00e9e vers des chemins parall\u00e8les, me formant en assistante de direction, en d\u00e9coration \u00e9v\u00e9nementielle, en restauration et bien plus encore.<\/p>\n\n\n\n<p>J\u2019ai acquis des comp\u00e9tences vari\u00e9es, notamment en tant qu\u2019assistante de direction, dans la d\u00e9coration \u00e9v\u00e9nementielle, la restauration, l\u2019habillage et le pelage, ainsi qu\u2019en savonnerie, entre autres domaines. Cette diversit\u00e9 de formations m\u2019a permis d\u2019acqu\u00e9rir une perspective globale et polyvalente, ce qui me donne une capacit\u00e9 unique \u00e0 relever les d\u00e9fis entrepreneuriaux.<\/p>\n\n\n\n<p>Puis, la r\u00e9v\u00e9lation : le num\u00e9rique. Mes yeux se sont ouverts \u00e0 l\u2019ampleur des opportunit\u00e9s en ligne. M\u2019immerger dans le programme WHISPA a \u00e9t\u00e9 la cl\u00e9. Ce voyage a \u00e9t\u00e9 une symphonie de transformations, de challenges. La naissance de mon r\u00f4le de jeune \u00e9pouse et m\u00e8re a ajout\u00e9 une dimension de d\u00e9fis, que j\u2019ai embrass\u00e9e avec d\u00e9termination. La vision du marketing traditionnel au marketing digital m\u2019ont captiv\u00e9e \u2013 de Facebook \u00e0 la mon\u00e9tisation des r\u00e9seaux, le SEO\u2026 j\u2019ai absorb\u00e9 chaque nuance.<\/p>\n\n\n\n<p>Cependant, mon voyage ne se limite pas \u00e0 l\u2019acquisition de comp\u00e9tences. C\u2019est un \u00e9lan vers l\u2019inspiration, vers le partage. Je r\u00eave de cr\u00e9er des vagues d\u2019opportunit\u00e9s pour d\u2019autres femmes. Avec WHISPA en toile de fond, je marche vers l\u2019avenir, pr\u00eate \u00e0 \u00e9clairer les chemins et \u00e0 marquer de mon empreinte l\u2019univers du marketing digital.<\/p>\n\n\n\n<p>Mon engagement envers l\u2019entrepreneuriat et ma soif d\u2019apprentissage continuel me motivent \u00e0 saisir de nouvelles opportunit\u00e9s et \u00e0 r\u00e9aliser des r\u00e9ussites exceptionnelles.<\/p>\n\n\n\n<p>Mon histoire n\u2019est qu\u2019un chapitre, un point de d\u00e9part pour une aventure qui s\u2019\u00e9tend bien au-del\u00e0.<\/p>\n","protected":false},"excerpt":{"rendered":"<p>LA JEUNE AMOUREUSE DU BUSINESS Dans le tourbillon de la vie, j\u2019ai trouv\u00e9 ma boussole : je suis Sandra Epiphanie KPANOU, une entrepreneuse passionn\u00e9e et une apprenante infatigable. Ma qu\u00eate de succ\u00e8s a pris racine dans le marketing traditionnel, o\u00f9 j\u2019ai insuffl\u00e9 vie aux produits MADE IN BENIN, tout en forgant des strat\u00e9gies de marque. [&hellip;]<\/p>\n","protected":false},"author":2,"featured_media":61,"parent":0,"menu_order":0,"comment_status":"closed","ping_status":"closed","template":"","meta":{"footnotes":""},"_links":{"self":[{"href":"https:\/\/charmreveal.igrid.media\/index.php\/wp-json\/wp\/v2\/pages\/57"}],"collection":[{"href":"https:\/\/charmreveal.igrid.media\/index.php\/wp-json\/wp\/v2\/pages"}],"about":[{"href":"https:\/\/charmreveal.igrid.media\/index.php\/wp-json\/wp\/v2\/types\/page"}],"author":[{"embeddable":true,"href":"https:\/\/charmreveal.igrid.media\/index.php\/wp-json\/wp\/v2\/users\/2"}],"replies":[{"embeddable":true,"href":"https:\/\/charmreveal.igrid.media\/index.php\/wp-json\/wp\/v2\/comments?post=57"}],"version-history":[{"count":1,"href":"https:\/\/charmreveal.igrid.media\/index.php\/wp-json\/wp\/v2\/pages\/57\/revisions"}],"predecessor-version":[{"id":68,"href":"https:\/\/charmreveal.igrid.media\/index.php\/wp-json\/wp\/v2\/pages\/57\/revisions\/68"}],"wp:featuredmedia":[{"embeddable":true,"href":"https:\/\/charmreveal.igrid.media\/index.php\/wp-json\/wp\/v2\/media\/61"}],"wp:attachment":[{"href":"https:\/\/charmreveal.igrid.media\/index.php\/wp-json\/wp\/v2\/media?parent=57"}],"curies":[{"name":"wp","href":"https:\/\/api.w.org\/{rel}","templated":true}]}}